{"id":10686,"date":"2023-08-21T14:12:23","date_gmt":"2023-08-21T12:12:23","guid":{"rendered":"https:\/\/www.ennsfellnerconsulting.eu\/neu\/?page_id=10686"},"modified":"2023-08-31T15:30:37","modified_gmt":"2023-08-31T13:30:37","slug":"presse","status":"publish","type":"page","link":"https:\/\/www.ennsfellnerconsulting.eu\/en\/causal\/presse\/","title":{"rendered":"Press"},"content":{"rendered":"<section class=\"wpb-content-wrapper\"><p>[vc_row][vc_column]\n\t\t<div id=\"wd-64f0949065652\" class=\"title-wrapper wd-wpb set-mb-s reset-last-child  wd-rs-64f0949065652 wd-title-color-primary wd-title-style-default text-left vc_custom_1693488287506 wd-underline-colored\">\n\t\t\t\n\t\t\t<div class=\"liner-continer\">\n\t\t\t\t<h4 class=\"woodmart-title-container title  wd-font-weight- wd-fontsize-l\" >Current<u> press reports <\/u><\/h4>\n\t\t\t\t\t\t\t<\/div>\n\t\t\t\n\t\t\t\n\t\t\t\n\t\t<\/div>\n\t\t\n\t\t[vc_column_text woodmart_inline=&#8221;no&#8221; text_larger=&#8221;no&#8221;]<strong style=\"color: #ae171a;\">About books<\/strong>[\/vc_column_text][vc_column_text woodmart_inline=&#8221;no&#8221; text_larger=&#8221;no&#8221;]August 2021:\u00a0 <a href=\"https:\/\/www.wko.at\/branchen\/information-consulting\/unternehmensberatung-buchhaltung-informationstechnologie\/wirtschaftsmediation\/sommerfortbildung-der-experts-group-wime.html\" target=\"_blank\" rel=\"noopener\">Sommerweiterbildung der ExpertsGroup Wirtschaftsmediation &#8211; Gelungene Kooperation als Ergebnis eines Mediationsprozesses<\/a><\/p>\n<p>January 2020: <a href=\"http:\/\/www.kooperation-netzwerke.at\/articles\/20-jahre-kooperation-netzwerke-wieder-ein-tolles-event\" target=\"_blank\" rel=\"noopener\">Nachlese des Netzwerktages der Experts Group Kooperation und Netzwerke &#8211; 20 Jahre Kooperation &amp; Netzwerke und Pr\u00e4sentation der 4. Auflage des E-Book \u201eErfolgreich mit Kooperationen und Netzwerken 4.0&#8243;<\/a><\/p>\n<p>March 2018: <a href=\"https:\/\/www.ennsfellnerconsulting.eu\/wp-content\/uploads\/2023\/08\/effektiver-knochenaufbau-mit-eigenblut-rh-bmp2.pdf\">DENTAL TRIBUNE Science &#8211; Effektiver Knochenaufbau mit Eigenblut + rh bmp2<\/a><\/p>\n<p>February 2018: <a href=\"https:\/\/www.ennsfellnerconsulting.eu\/wp-content\/uploads\/2023\/08\/grenzenlos-kooperieren.pdf\">Trend &#8211; Grenzenlos Kooperieren<\/a><\/p>\n<p>October 2016: <a href=\"http:\/\/www.kooperation-netzwerke.at\/articles\/nachlese-des-11-netzwerktages-der-experts-group-kooperation-und-netzwerke-aufbruch-in-die-kooperative-zukunft-wie-kooperationen-von-heute-das-morgen-gestalten-6102016-im-steiermarksaal-wifi-steiermark?utm_source=feedburner&amp;utm_medium=email&amp;utm_campaign=Feed%3A+KooperationNetzwerke+%28Kooperation+%26+Netzwerke%29\" target=\"_blank\" rel=\"noopener\">Nachlese des 11. Netzwerktages der Experts Group Kooperation und Netzwerke &#8211; Aufbruch in die kooperative Zukunft: Wie Kooperationen von heute das Morgen gestalten<\/a><\/p>\n<p>November 2015: <a href=\"http:\/\/www.kooperation-netzwerke.at\/articles\/nachlese-10-jahre-experts-group-kooperation-und-netzwerke-kooperation-40-zukuenftige-maerkte-und-chancen-der-zusammenarbeit-fuer-kmu-und-epu\" target=\"_blank\" rel=\"noopener\">Nachlese 10 Jahre Experts Group Kooperation und Netzwerke &#8211; Kooperation 4.0: zuk\u00fcnftige M\u00e4rkte und Chancen der Zusammenarbeit f\u00fcr KMU und EPU<\/a><\/p>\n<p>November 2015: <a href=\"https:\/\/www.causal.eu\/images\/Festschrift%202015%20V5.pdf\" target=\"_blank\" rel=\"noopener\">Experts Group Kooperation und Netzwerke &#8211; 10 Jahre erfolgreich mit Kooperationen &amp; Netzwerken<\/a><\/p>\n<p>February 2015: <a href=\"https:\/\/www.ennsfellnerconsulting.eu\/wp-content\/uploads\/2023\/08\/wienerwirtschaft_02_2015.pdf\">Wiener Wirtschaft &#8211; Vom Selbst zum Wir<\/a><\/p>\n<p>March 2014: <a href=\"https:\/\/www.ennsfellnerconsulting.eu\/wp-content\/uploads\/2023\/08\/boeb_03_2014_koopnw.pdf\">Bilanzbuchhalter &#8211; Sind Kooperationen und Netzwerke f\u00fcr Ihre erfolgreiche berufliche Zukunft wesentlich?<\/a><\/p>\n<p>January 2013: <a href=\"https:\/\/www.ennsfellnerconsulting.eu\/wp-content\/uploads\/2023\/08\/jan2013_ubit.pdf\">Steirische Wirtschaft &#8211; Was lassen Sie an Mehrwert liegen?<\/a><\/p>\n<p>December 2012: <a href=\"https:\/\/www.ennsfellnerconsulting.eu\/wp-content\/uploads\/2023\/08\/dez2012_koreanischezeitung.jpg\">Koreanische Zeitung &#8211; Meine Innere St\u00e4rke<\/a><\/p>\n<p>December 2012: <a href=\"https:\/\/www.ennsfellnerconsulting.eu\/wp-content\/uploads\/2023\/08\/dez2012_a3gast.pdf\">a3 GAST &#8211; Erfolgreich mit Kooperationen und Netzwerken<\/a><\/p>\n<p>November 2012: <a href=\"https:\/\/www.ennsfellnerconsulting.eu\/wp-content\/uploads\/2023\/08\/nov2012_wienerwirtschaft.pdf\">Wiener Wirtschaft &#8211; Neues Handbuch zu Kooperationen<\/a><\/p>\n<p>October 2012: WK\u00d6 &#8211; Neues Sachbuch zeigt Erfolgsfaktoren f\u00fcr erfolgreiche Kooperationen<\/p>\n<p>July 2012: <a href=\"https:\/\/www.ennsfellnerconsulting.eu\/wp-content\/uploads\/2023\/08\/causal2.pdf\">mitten:drin &#8211; Meine Innere St\u00e4rke &#8211; Buchtipp<\/a><\/p>\n<p>July 2012: <a href=\"https:\/\/www.ennsfellnerconsulting.eu\/wp-content\/uploads\/2023\/08\/Inserat.pdf\">VNL Nat\u00fcrlich Leben &#8211; Meine Innere St\u00e4rke<\/a><\/p>\n<p>July 2012: <a href=\"https:\/\/www.ennsfellnerconsulting.eu\/wp-content\/uploads\/2023\/08\/Causal-Seite-8.pdf\">WEGE &#8211; Meine Innere St\u00e4rke<\/a><\/p>\n<p>October 2010: <a href=\"https:\/\/www.ennsfellnerconsulting.eu\/wp-content\/uploads\/2023\/08\/wasistdas.jpg\">\u00d6sterreichische Naturheilzeitung &#8211; Ganzheitliche Zahnmedizin &#8211; was ist das?<\/a><\/p>\n<p>August 2010: <a href=\"https:\/\/www.ennsfellnerconsulting.eu\/wp-content\/uploads\/2023\/08\/Lesetipps.jpg\">VNL Nat\u00fcrlich Leben &#8211; Lesetipps<\/a><\/p>\n<p>July\/August 2010: <a href=\"https:\/\/www.ennsfellnerconsulting.eu\/wp-content\/uploads\/2023\/08\/Bewusst.jpg\">Bewusstsein &#8211; Auszug aus dem Buch \u201eBitte l\u00e4cheln, Sch\u00e4tzchen!<\/a><br \/>\nZahnfehlstellungen \u2013 Sanfte Regulation ohne Z\u00e4hneZiehen<\/p>\n<p>July\/August 2010: <a href=\"https:\/\/www.ennsfellnerconsulting.eu\/wp-content\/uploads\/2023\/08\/gesundheit.pdf\">Gesundheit &#8211; Regulieren hei\u00dft anpassen<\/a><\/p>\n<p>July 2010: <a href=\"https:\/\/www.ennsfellnerconsulting.eu\/wp-content\/uploads\/2023\/08\/mitten-drin-buchtipp.jpg\">mitten:drin &#8211; Bitte l\u00e4cheln, Sch\u00e4tzchen! &#8211; Buchtipp<\/a><\/p>\n<p>July 2010: <a href=\"https:\/\/www.ennsfellnerconsulting.eu\/wp-content\/uploads\/2023\/08\/buchtipp_salzburgerin.pdf\">Salzburgerin &#8211; Buchtipp<\/a><\/p>\n<p>June 2010: <a href=\"https:\/\/www.ennsfellnerconsulting.eu\/wp-content\/uploads\/2023\/08\/tirolerin.pdf\">Tirolerin &#8211; Wie die Pers\u00f6nlichkeit die Zahnstellung pr\u00e4gt<\/a><\/p>\n<p>June 2010: <a href=\"https:\/\/www.ennsfellnerconsulting.eu\/wp-content\/uploads\/2023\/08\/salzburgerin.pdf\">Salzburgerin\/Ober\u00f6sterreicherin &#8211; Wie die Pers\u00f6nlichkeit die Zahnstellung pr\u00e4gt<\/a>[\/vc_column_text][vc_column_text woodmart_inline=&#8221;no&#8221; text_larger=&#8221;no&#8221;]<strong style=\"color: #ae171a;\">About the publisher<\/strong>[\/vc_column_text][vc_column_text woodmart_inline=&#8221;no&#8221; text_larger=&#8221;no&#8221;]July 2012: <a href=\"https:\/\/www.ennsfellnerconsulting.eu\/wp-content\/uploads\/2023\/08\/causal1.pdf\">mitten:drin &#8211; Causal Edition<\/a>[\/vc_column_text][vc_column_text woodmart_inline=&#8221;no&#8221; text_larger=&#8221;no&#8221;]<strong style=\"color: #ae171a;\">About authors<\/strong>[\/vc_column_text][vc_column_text woodmart_inline=&#8221;no&#8221; text_larger=&#8221;no&#8221;]March 2011: <a href=\"https:\/\/www.ennsfellnerconsulting.eu\/wp-content\/uploads\/2023\/08\/ooen-dr-andre.pdf\">O\u00d6Nachrichten &#8211; Z\u00e4hne zusammenbei\u00dfen<\/a><br \/>\nSeptember 2010: <a href=\"https:\/\/www.ennsfellnerconsulting.eu\/wp-content\/uploads\/2023\/08\/mitten-drin-Vortrag.jpg\">mitten:drin &#8211; Vortrag mit Dr. J\u00fcrgen Andr\u00e9<\/a><br \/>\nJuly 2010: <a href=\"https:\/\/www.ennsfellnerconsulting.eu\/wp-content\/uploads\/2023\/08\/mitten-drin-07-2010.pdf\">mitten:drin &#8211; Autorengespr\u00e4ch mit Dr. J\u00fcrgen Andr\u00e9<\/a>[\/vc_column_text][\/vc_column][\/vc_row]<\/p>\n<\/section>","protected":false},"excerpt":{"rendered":"<p>[vc_row][vc_column][vc_column_text woodmart_inline=&#8221;no&#8221; text_larger=&#8221;no&#8221;]About books[\/vc_column_text][vc_column_text woodmart_inline=&#8221;no&#8221; text_larger=&#8221;no&#8221;]August 2021:\u00a0 Sommerweiterbildung der ExpertsGroup Wirtschaftsmediation &#8211; Gelungene Kooperation als Ergebnis eines Mediationsprozesses January 2020:<\/p>\n","protected":false},"author":1,"featured_media":0,"parent":10622,"menu_order":0,"comment_status":"closed","ping_status":"closed","template":"","meta":{"footnotes":""},"_links":{"self":[{"href":"https:\/\/www.ennsfellnerconsulting.eu\/en\/wp-json\/wp\/v2\/pages\/10686"}],"collection":[{"href":"https:\/\/www.ennsfellnerconsulting.eu\/en\/wp-json\/wp\/v2\/pages"}],"about":[{"href":"https:\/\/www.ennsfellnerconsulting.eu\/en\/wp-json\/wp\/v2\/types\/page"}],"author":[{"embeddable":true,"href":"https:\/\/www.ennsfellnerconsulting.eu\/en\/wp-json\/wp\/v2\/users\/1"}],"replies":[{"embeddable":true,"href":"https:\/\/www.ennsfellnerconsulting.eu\/en\/wp-json\/wp\/v2\/comments?post=10686"}],"version-history":[{"count":15,"href":"https:\/\/www.ennsfellnerconsulting.eu\/en\/wp-json\/wp\/v2\/pages\/10686\/revisions"}],"predecessor-version":[{"id":11312,"href":"https:\/\/www.ennsfellnerconsulting.eu\/en\/wp-json\/wp\/v2\/pages\/10686\/revisions\/11312"}],"up":[{"embeddable":true,"href":"https:\/\/www.ennsfellnerconsulting.eu\/en\/wp-json\/wp\/v2\/pages\/10622"}],"wp:attachment":[{"href":"https:\/\/www.ennsfellnerconsulting.eu\/en\/wp-json\/wp\/v2\/media?parent=10686"}],"curies":[{"name":"wp","href":"https:\/\/api.w.org\/{rel}","templated":true}]}}